{"id":312,"date":"2026-03-09T23:40:33","date_gmt":"2026-03-09T23:40:33","guid":{"rendered":"https:\/\/rochaautopecas.com.br\/?page_id=312"},"modified":"2026-03-17T20:12:45","modified_gmt":"2026-03-17T20:12:45","slug":"noticias","status":"publish","type":"page","link":"https:\/\/rochaautopecas.com.br\/?page_id=312","title":{"rendered":"Noticias"},"content":{"rendered":"\t\t<div data-elementor-type=\"wp-page\" data-elementor-id=\"312\" class=\"elementor elementor-312\" data-elementor-post-type=\"page\">\n\t\t\t\t<div class=\"elementor-element elementor-element-cf93d87 e-flex e-con-boxed e-con e-parent\" data-id=\"cf93d87\" data-element_type=\"container\" data-e-type=\"container\" data-settings=\"{&quot;background_background&quot;:&quot;classic&quot;}\">\n\t\t\t\t\t<div class=\"e-con-inner\">\n\t\t<div class=\"elementor-element elementor-element-d0ee062 e-con-full e-flex e-con e-child\" data-id=\"d0ee062\" data-element_type=\"container\" data-e-type=\"container\">\n\t\t\t\t<div class=\"elementor-element elementor-element-e9997a2 elementor-widget elementor-widget-text-editor\" data-id=\"e9997a2\" data-element_type=\"widget\" data-e-type=\"widget\" data-widget_type=\"text-editor.default\">\n\t\t\t\t\t\t\t\t\t<span class=\"qld\">Novidades<\/span> e dicas\t\t\t\t\t\t\t\t<\/div>\n\t\t\t\t<\/div>\n\t\t\t\t\t<\/div>\n\t\t\t\t<\/div>\n\t\t<div class=\"elementor-element elementor-element-6b9cd6f e-flex e-con-boxed e-con e-parent\" data-id=\"6b9cd6f\" data-element_type=\"container\" data-e-type=\"container\">\n\t\t\t\t\t<div class=\"e-con-inner\">\n\t\t\t\t<div class=\"elementor-element elementor-element-22f9981 elementor-grid-3 elementor-grid-tablet-2 elementor-grid-mobile-1 elementor-posts--thumbnail-top elementor-widget elementor-widget-posts\" data-id=\"22f9981\" data-element_type=\"widget\" data-e-type=\"widget\" data-settings=\"{&quot;classic_columns&quot;:&quot;3&quot;,&quot;classic_columns_tablet&quot;:&quot;2&quot;,&quot;classic_columns_mobile&quot;:&quot;1&quot;,&quot;classic_row_gap&quot;:{&quot;unit&quot;:&quot;px&quot;,&quot;size&quot;:35,&quot;sizes&quot;:[]},&quot;classic_row_gap_tablet&quot;:{&quot;unit&quot;:&quot;px&quot;,&quot;size&quot;:&quot;&quot;,&quot;sizes&quot;:[]},&quot;classic_row_gap_mobile&quot;:{&quot;unit&quot;:&quot;px&quot;,&quot;size&quot;:&quot;&quot;,&quot;sizes&quot;:[]}}\" data-widget_type=\"posts.classic\">\n\t\t\t\t<div class=\"elementor-widget-container\">\n\t\t\t\t\t\t\t<div class=\"elementor-posts-container elementor-posts elementor-posts--skin-classic elementor-grid\" role=\"list\">\n\t\t\t\t<article class=\"elementor-post elementor-grid-item post-635 post type-post status-publish format-standard has-post-thumbnail hentry category-uncategorized\" role=\"listitem\">\n\t\t\t\t<a class=\"elementor-post__thumbnail__link\" href=\"https:\/\/rochaautopecas.com.br\/?p=635\" tabindex=\"-1\" >\n\t\t\t<div class=\"elementor-post__thumbnail\"><img decoding=\"async\" width=\"300\" height=\"82\" src=\"https:\/\/rochaautopecas.com.br\/wp-content\/uploads\/2026\/04\/TESTA-1-300x82.png\" class=\"attachment-medium size-medium wp-image-637\" alt=\"\" srcset=\"https:\/\/rochaautopecas.com.br\/wp-content\/uploads\/2026\/04\/TESTA-1-300x82.png 300w, https:\/\/rochaautopecas.com.br\/wp-content\/uploads\/2026\/04\/TESTA-1-1024x279.png 1024w, https:\/\/rochaautopecas.com.br\/wp-content\/uploads\/2026\/04\/TESTA-1-768x209.png 768w, https:\/\/rochaautopecas.com.br\/wp-content\/uploads\/2026\/04\/TESTA-1.png 1100w\" sizes=\"(max-width: 300px) 100vw, 300px\" \/><\/div>\n\t\t<\/a>\n\t\t\t\t<div class=\"elementor-post__text\">\n\t\t\t\t<h3 class=\"elementor-post__title\">\n\t\t\t<a href=\"https:\/\/rochaautopecas.com.br\/?p=635\" >\n\t\t\t\tTroca dos Filtros Porsche Macan GTS 2.9\t\t\t<\/a>\n\t\t<\/h3>\n\t\t\t\t<div class=\"elementor-post__excerpt\">\n\t\t\t\t\t<\/div>\n\t\t\t\t<\/div>\n\t\t\t\t<\/article>\n\t\t\t\t<article class=\"elementor-post elementor-grid-item post-113 post type-post status-publish format-standard has-post-thumbnail hentry category-uncategorized\" role=\"listitem\">\n\t\t\t\t<a class=\"elementor-post__thumbnail__link\" href=\"https:\/\/rochaautopecas.com.br\/?p=113\" tabindex=\"-1\" >\n\t\t\t<div class=\"elementor-post__thumbnail\"><img decoding=\"async\" width=\"300\" height=\"82\" src=\"https:\/\/rochaautopecas.com.br\/wp-content\/uploads\/2026\/03\/MONTAGEM-DO-AMORTECEDOR-DIANTEIRO-RENAUL-KWID-300x82.png\" class=\"attachment-medium size-medium wp-image-385\" alt=\"\" srcset=\"https:\/\/rochaautopecas.com.br\/wp-content\/uploads\/2026\/03\/MONTAGEM-DO-AMORTECEDOR-DIANTEIRO-RENAUL-KWID-300x82.png 300w, https:\/\/rochaautopecas.com.br\/wp-content\/uploads\/2026\/03\/MONTAGEM-DO-AMORTECEDOR-DIANTEIRO-RENAUL-KWID-1024x279.png 1024w, https:\/\/rochaautopecas.com.br\/wp-content\/uploads\/2026\/03\/MONTAGEM-DO-AMORTECEDOR-DIANTEIRO-RENAUL-KWID-768x209.png 768w, https:\/\/rochaautopecas.com.br\/wp-content\/uploads\/2026\/03\/MONTAGEM-DO-AMORTECEDOR-DIANTEIRO-RENAUL-KWID.png 1100w\" sizes=\"(max-width: 300px) 100vw, 300px\" \/><\/div>\n\t\t<\/a>\n\t\t\t\t<div class=\"elementor-post__text\">\n\t\t\t\t<h3 class=\"elementor-post__title\">\n\t\t\t<a href=\"https:\/\/rochaautopecas.com.br\/?p=113\" >\n\t\t\t\tMontagem do amortecedor dianteiro do Renault Kwid\t\t\t<\/a>\n\t\t<\/h3>\n\t\t\t\t<div class=\"elementor-post__excerpt\">\n\t\t\t\t\t<\/div>\n\t\t\t\t<\/div>\n\t\t\t\t<\/article>\n\t\t\t\t<article class=\"elementor-post elementor-grid-item post-110 post type-post status-publish format-standard has-post-thumbnail hentry category-uncategorized\" role=\"listitem\">\n\t\t\t\t<a class=\"elementor-post__thumbnail__link\" href=\"https:\/\/rochaautopecas.com.br\/?p=110\" tabindex=\"-1\" >\n\t\t\t<div class=\"elementor-post__thumbnail\"><img decoding=\"async\" width=\"300\" height=\"82\" src=\"https:\/\/rochaautopecas.com.br\/wp-content\/uploads\/2026\/03\/TROCA-DA-BANDEJA-HONDA-NEW-FIT.jpg-300x82.jpeg\" class=\"attachment-medium size-medium wp-image-386\" alt=\"\" srcset=\"https:\/\/rochaautopecas.com.br\/wp-content\/uploads\/2026\/03\/TROCA-DA-BANDEJA-HONDA-NEW-FIT.jpg-300x82.jpeg 300w, https:\/\/rochaautopecas.com.br\/wp-content\/uploads\/2026\/03\/TROCA-DA-BANDEJA-HONDA-NEW-FIT.jpg-1024x279.jpeg 1024w, https:\/\/rochaautopecas.com.br\/wp-content\/uploads\/2026\/03\/TROCA-DA-BANDEJA-HONDA-NEW-FIT.jpg-768x209.jpeg 768w, https:\/\/rochaautopecas.com.br\/wp-content\/uploads\/2026\/03\/TROCA-DA-BANDEJA-HONDA-NEW-FIT.jpg.jpeg 1100w\" sizes=\"(max-width: 300px) 100vw, 300px\" \/><\/div>\n\t\t<\/a>\n\t\t\t\t<div class=\"elementor-post__text\">\n\t\t\t\t<h3 class=\"elementor-post__title\">\n\t\t\t<a href=\"https:\/\/rochaautopecas.com.br\/?p=110\" >\n\t\t\t\tTroca da Bandeja \u2013 Honda New Fit\t\t\t<\/a>\n\t\t<\/h3>\n\t\t\t\t<div class=\"elementor-post__excerpt\">\n\t\t\t\t\t<\/div>\n\t\t\t\t<\/div>\n\t\t\t\t<\/article>\n\t\t\t\t<article class=\"elementor-post elementor-grid-item post-106 post type-post status-publish format-standard has-post-thumbnail hentry category-uncategorized\" role=\"listitem\">\n\t\t\t\t<a class=\"elementor-post__thumbnail__link\" href=\"https:\/\/rochaautopecas.com.br\/?p=106\" tabindex=\"-1\" >\n\t\t\t<div class=\"elementor-post__thumbnail\"><img loading=\"lazy\" decoding=\"async\" width=\"300\" height=\"82\" src=\"https:\/\/rochaautopecas.com.br\/wp-content\/uploads\/2026\/03\/ATENCAO-ESSES-SINAIS-INDICAM-PROBLEMA-NA-BOMBA-DE-OLEO.jpg-300x82.jpeg\" class=\"attachment-medium size-medium wp-image-384\" alt=\"\" srcset=\"https:\/\/rochaautopecas.com.br\/wp-content\/uploads\/2026\/03\/ATENCAO-ESSES-SINAIS-INDICAM-PROBLEMA-NA-BOMBA-DE-OLEO.jpg-300x82.jpeg 300w, https:\/\/rochaautopecas.com.br\/wp-content\/uploads\/2026\/03\/ATENCAO-ESSES-SINAIS-INDICAM-PROBLEMA-NA-BOMBA-DE-OLEO.jpg-1024x279.jpeg 1024w, https:\/\/rochaautopecas.com.br\/wp-content\/uploads\/2026\/03\/ATENCAO-ESSES-SINAIS-INDICAM-PROBLEMA-NA-BOMBA-DE-OLEO.jpg-768x209.jpeg 768w, https:\/\/rochaautopecas.com.br\/wp-content\/uploads\/2026\/03\/ATENCAO-ESSES-SINAIS-INDICAM-PROBLEMA-NA-BOMBA-DE-OLEO.jpg.jpeg 1100w\" sizes=\"(max-width: 300px) 100vw, 300px\" \/><\/div>\n\t\t<\/a>\n\t\t\t\t<div class=\"elementor-post__text\">\n\t\t\t\t<h3 class=\"elementor-post__title\">\n\t\t\t<a href=\"https:\/\/rochaautopecas.com.br\/?p=106\" >\n\t\t\t\tAten\u00e7\u00e3o! Esses Sinais Indicam Problema na Bomba de \u00d3leo\t\t\t<\/a>\n\t\t<\/h3>\n\t\t\t\t<div class=\"elementor-post__excerpt\">\n\t\t\t\t\t<\/div>\n\t\t\t\t<\/div>\n\t\t\t\t<\/article>\n\t\t\t\t<\/div>\n\t\t\n\t\t\t\t\t\t<\/div>\n\t\t\t\t<\/div>\n\t\t\t\t\t<\/div>\n\t\t\t\t<\/div>\n\t\t\t\t<\/div>\n\t\t","protected":false},"excerpt":{"rendered":"<p>Novidades e dicas<\/p>\n","protected":false},"author":1,"featured_media":0,"parent":0,"menu_order":0,"comment_status":"closed","ping_status":"closed","template":"","meta":{"footnotes":""},"class_list":["post-312","page","type-page","status-publish","hentry"],"_links":{"self":[{"href":"https:\/\/rochaautopecas.com.br\/index.php?rest_route=\/wp\/v2\/pages\/312","targetHints":{"allow":["GET"]}}],"collection":[{"href":"https:\/\/rochaautopecas.com.br\/index.php?rest_route=\/wp\/v2\/pages"}],"about":[{"href":"https:\/\/rochaautopecas.com.br\/index.php?rest_route=\/wp\/v2\/types\/page"}],"author":[{"embeddable":true,"href":"https:\/\/rochaautopecas.com.br\/index.php?rest_route=\/wp\/v2\/users\/1"}],"replies":[{"embeddable":true,"href":"https:\/\/rochaautopecas.com.br\/index.php?rest_route=%2Fwp%2Fv2%2Fcomments&post=312"}],"version-history":[{"count":0,"href":"https:\/\/rochaautopecas.com.br\/index.php?rest_route=\/wp\/v2\/pages\/312\/revisions"}],"wp:attachment":[{"href":"https:\/\/rochaautopecas.com.br\/index.php?rest_route=%2Fwp%2Fv2%2Fmedia&parent=312"}],"curies":[{"name":"wp","href":"https:\/\/api.w.org\/{rel}","templated":true}]}}